{"id":13808,"date":"2023-04-19T11:59:32","date_gmt":"2023-04-19T11:59:32","guid":{"rendered":"https:\/\/framos.com\/products\/unkategorisiert\/fsm-imx675c-txa-devkit-quad-v1a-27201\/"},"modified":"2025-08-01T08:41:24","modified_gmt":"2025-08-01T08:41:24","slug":"fsm-imx675c-txa-devkit-quad-v1a-27201","status":"publish","type":"product","link":"https:\/\/framos.com\/de\/produkt\/module\/framos-sensor-module\/fsm-imx675c-txa-devkit-quad-v1a-27201\/","title":{"rendered":"FSM-IMX675C\/TXA_Devkit-Quad-V1A Vierfach-Sensormodul Entwicklungskit mit MIPI CSI-2 Schnittstelle"},"content":{"rendered":"<p>Das FSM-IMX675C\/TXA_Devkit-Quad-V1A enth\u00e4lt vier Sony IMX675 Farbsensormodule mit MIPI CSI-2 Datenschnittstellen, die f\u00fcr die Verwendung mit den NVIDIA Jetson AGX Orin, AGX Xavier und TX2 Plattformen entwickelt wurden. Dieses Quad-Sensor-Setup ist ideal f\u00fcr die Entwicklung komplexer Multi-Sensor-Systeme. Das Kit enth\u00e4lt alle erforderlichen Adapter, Flexkabel und Stativhalterungen und bietet eine Komplettl\u00f6sung f\u00fcr die Evaluierung von Hochleistungsbildgebung in eingebetteten Systemen.  <\/p>\n","protected":false},"excerpt":{"rendered":"<p>Quad-Sensor Entwicklungskit mit Sony IMX675 Farbmodulen, MIPI CSI-2, 5MP, 80 fps<\/p>\n","protected":false},"featured_media":0,"template":"","meta":{"_acf_changed":false,"inline_featured_image":false},"product_brand":[],"product_cat":[6118,101],"product_tag":[],"class_list":{"0":"post-13808","1":"product","2":"type-product","3":"status-publish","5":"product_cat-framos-sensor-module","6":"product_cat-module","8":"first","9":"instock","10":"product-type-simple"},"acf":[],"_links":{"self":[{"href":"https:\/\/framos.com\/de\/wp-json\/wp\/v2\/product\/13808","targetHints":{"allow":["GET"]}}],"collection":[{"href":"https:\/\/framos.com\/de\/wp-json\/wp\/v2\/product"}],"about":[{"href":"https:\/\/framos.com\/de\/wp-json\/wp\/v2\/types\/product"}],"wp:attachment":[{"href":"https:\/\/framos.com\/de\/wp-json\/wp\/v2\/media?parent=13808"}],"wp:term":[{"taxonomy":"product_brand","embeddable":true,"href":"https:\/\/framos.com\/de\/wp-json\/wp\/v2\/product_brand?post=13808"},{"taxonomy":"product_cat","embeddable":true,"href":"https:\/\/framos.com\/de\/wp-json\/wp\/v2\/product_cat?post=13808"},{"taxonomy":"product_tag","embeddable":true,"href":"https:\/\/framos.com\/de\/wp-json\/wp\/v2\/product_tag?post=13808"}],"curies":[{"name":"wp","href":"https:\/\/api.w.org\/{rel}","templated":true}]}}