{"id":13785,"date":"2023-08-24T12:48:14","date_gmt":"2023-08-24T12:48:14","guid":{"rendered":"https:\/\/framos.com\/products\/unkategorisiert\/flp-dm-050-01-a-00-27590\/"},"modified":"2025-06-04T08:07:25","modified_gmt":"2025-06-04T08:07:25","slug":"flp-dm-050-01-a-00-27590","status":"publish","type":"product","link":"https:\/\/framos.com\/de\/produkt\/optiken\/objektive\/m12-m10-m8-m6-anschlussobjektiv\/flp-dm-050-01-a-00-27590\/","title":{"rendered":"Zuverl\u00e4ssiges Objektiv f\u00fcr eingebettete Systeme &#8211; 5 mm F2 M12 4 MP flp-dm-050-01-a-00"},"content":{"rendered":"<p>Das FLP-DM-050-01-A-00 ist ein robustes M12-Mount-Festbrennweitenobjektiv mit einer Brennweite von 5 mm und einer Blende von F2. Dieses 4 MP-Objektiv wurde f\u00fcr Sensoren mit einer maximalen Bilddiagonale von weniger als 1\/1,7 Zoll entwickelt und ist damit ideal f\u00fcr kompakte Anwendungen in Embedded-Systemen und der industriellen Automatisierung. Das Objektiv kann mit verschiedenen Filteroptionen, einschlie\u00dflich eines IR-Sperrfilters, ausgestattet werden, um die Funktionalit\u00e4t zu verbessern. F\u00fcr weitere Details oder um 2D\/3D-Zeichnungen anzufordern, wenden Sie sich bitte an das FRAMOS Support-Team.   <\/p>\n","protected":false},"excerpt":{"rendered":"<p>5 mm Objektiv mit F2-Blende, optimiert f\u00fcr Sensoren bis zu 1\/1,7 Zoll, bietet zuverl\u00e4ssige Bilder f\u00fcr eingebettete Systeme und industrielle Anwendungen.<\/p>\n","protected":false},"featured_media":0,"template":"","meta":{"_acf_changed":false,"inline_featured_image":false},"product_brand":[],"product_cat":[6110,6107,96],"product_tag":[],"class_list":{"0":"post-13785","1":"product","2":"type-product","3":"status-publish","5":"product_cat-m12-m10-m8-m6-anschlussobjektiv","6":"product_cat-objektive","7":"product_cat-optiken","9":"first","10":"instock","11":"product-type-simple"},"acf":[],"_links":{"self":[{"href":"https:\/\/framos.com\/de\/wp-json\/wp\/v2\/product\/13785","targetHints":{"allow":["GET"]}}],"collection":[{"href":"https:\/\/framos.com\/de\/wp-json\/wp\/v2\/product"}],"about":[{"href":"https:\/\/framos.com\/de\/wp-json\/wp\/v2\/types\/product"}],"wp:attachment":[{"href":"https:\/\/framos.com\/de\/wp-json\/wp\/v2\/media?parent=13785"}],"wp:term":[{"taxonomy":"product_brand","embeddable":true,"href":"https:\/\/framos.com\/de\/wp-json\/wp\/v2\/product_brand?post=13785"},{"taxonomy":"product_cat","embeddable":true,"href":"https:\/\/framos.com\/de\/wp-json\/wp\/v2\/product_cat?post=13785"},{"taxonomy":"product_tag","embeddable":true,"href":"https:\/\/framos.com\/de\/wp-json\/wp\/v2\/product_tag?post=13785"}],"curies":[{"name":"wp","href":"https:\/\/api.w.org\/{rel}","templated":true}]}}