{"id":13714,"date":"2020-04-06T07:00:00","date_gmt":"2020-04-06T07:00:00","guid":{"rendered":"https:\/\/framos.com\/products\/unkategorisiert\/fsm-imx264c-96b-devkit-single-v2a-24094\/"},"modified":"2025-08-01T08:35:58","modified_gmt":"2025-08-01T08:35:58","slug":"fsm-imx264c-96b-devkit-single-v2a-24094","status":"publish","type":"product","link":"https:\/\/framos.com\/de\/produkt\/module\/framos-sensor-module\/fsm-imx264c-96b-devkit-single-v2a-24094\/","title":{"rendered":"FSM-IMX264C\/96B Devkit Einzel &#8211; 96Boards kompatibles Kit"},"content":{"rendered":"<p>Das <strong>FSM-IMX264C\/96B Devkit Single<\/strong> ist ein Entwicklungskit mit dem FSM-IMX264 Farbsensormodul mit MIPI CSI-2 Datenschnittstelle und Adaptern, die mit dem 96Boards Consumer Edition Standard kompatibel sind. Dieses Single-Sensor-Setup enth\u00e4lt alles, was Sie brauchen, um mit der Entwicklung hochaufl\u00f6sender Bildgebungsanwendungen zu beginnen. Der Sony IMX264 5,07 MP Global Shutter CMOS-Sensor bietet eine au\u00dfergew\u00f6hnliche Bildqualit\u00e4t mit einer Aufl\u00f6sung von 2464 x 2056 Pixeln und einer Bildrate von bis zu 35 fps.  <\/p>\n<p>Das Kit enth\u00e4lt die folgenden Komponenten:<\/p>\n<ul>\n<li>1x FSM-IMX264C-04G-V1A Sensormodul mit C\/CS Halterung<\/li>\n<li>1x FRAMOS Sensor Adapter (FSA)<\/li>\n<li>1x FRAMOS-Prozessor-Adapter (FPA) kompatibel mit 96Boards<\/li>\n<li>1x 150 mm Flexkabel<\/li>\n<li>1x 1\/4-Zoll Stativadapter<\/li>\n<\/ul>\n<p>Als Teil des FSM Ecosystems vereinfacht dieses Kit die Integration und beschleunigt die Entwicklung. Das standardisierte Software Pack unterst\u00fctzt Plattformen wie NVIDIA\u00ae Jetson\u2122 TX2 und Jetson\u2122 AGX Xavier\u2122 und bietet Referenztreiber und Softwaretools. <\/p>\n<p>F\u00fcr Entwickler, die einen schnellen Einstieg in die 96Boards Plattform suchen, bietet dieses Kit eine optimierte L\u00f6sung. Erfahren Sie mehr \u00fcber unser Embedded Image Sensor Ecosystem auf unserer Website. <\/p>\n","protected":false},"excerpt":{"rendered":"<p>Entwicklungskit mit dem Farbsensormodul FSM-IMX264 und Adaptern, die mit der 96Boards Consumer Edition kompatibel sind, ideal f\u00fcr Bildgebungsanwendungen mit einem Sensor.<\/p>\n","protected":false},"featured_media":4416,"template":"","meta":{"_acf_changed":false,"inline_featured_image":false},"product_brand":[],"product_cat":[6118,101],"product_tag":[],"class_list":{"0":"post-13714","1":"product","2":"type-product","3":"status-publish","4":"has-post-thumbnail","6":"product_cat-framos-sensor-module","7":"product_cat-module","9":"first","10":"instock","11":"product-type-simple"},"acf":[],"_links":{"self":[{"href":"https:\/\/framos.com\/de\/wp-json\/wp\/v2\/product\/13714","targetHints":{"allow":["GET"]}}],"collection":[{"href":"https:\/\/framos.com\/de\/wp-json\/wp\/v2\/product"}],"about":[{"href":"https:\/\/framos.com\/de\/wp-json\/wp\/v2\/types\/product"}],"wp:featuredmedia":[{"embeddable":true,"href":"https:\/\/framos.com\/de\/wp-json\/wp\/v2\/media\/4416"}],"wp:attachment":[{"href":"https:\/\/framos.com\/de\/wp-json\/wp\/v2\/media?parent=13714"}],"wp:term":[{"taxonomy":"product_brand","embeddable":true,"href":"https:\/\/framos.com\/de\/wp-json\/wp\/v2\/product_brand?post=13714"},{"taxonomy":"product_cat","embeddable":true,"href":"https:\/\/framos.com\/de\/wp-json\/wp\/v2\/product_cat?post=13714"},{"taxonomy":"product_tag","embeddable":true,"href":"https:\/\/framos.com\/de\/wp-json\/wp\/v2\/product_tag?post=13714"}],"curies":[{"name":"wp","href":"https:\/\/api.w.org\/{rel}","templated":true}]}}