{"id":13639,"date":"2024-11-14T14:16:40","date_gmt":"2024-11-14T14:16:40","guid":{"rendered":"https:\/\/framos.com\/products\/unkategorisiert\/cis-coaxpress-97910\/"},"modified":"2025-06-04T08:18:11","modified_gmt":"2025-06-04T08:18:11","slug":"cis-coaxpress-97910","status":"publish","type":"product","link":"https:\/\/framos.com\/de\/produkt\/sensoren\/kontakt-bildsensoren\/cis-coaxpress-97910\/","title":{"rendered":"CIS CoaXPress Zeilenscanner"},"content":{"rendered":"<p>Der WHEC CIS CoaXPress ist ein hochaufl\u00f6sendes Kontaktbildsensor-System, das f\u00fcr die industrielle Inspektion mit hohem Durchsatz unter Verwendung des CoaXPress 1.1\/2.0 Standards optimiert wurde. Er ist auf Leistung und Vielseitigkeit ausgelegt und bietet Scanbreiten von 18 bis 3000 mm, die an die verschiedenen Produktionsanforderungen angepasst werden k\u00f6nnen. Dieser Zeilenscanner liefert hochwertige, verzerrungsfreie 1:1-Bilder mit einer Aufl\u00f6sung von bis zu 1200 dpi und gew\u00e4hrleistet damit Pr\u00e4zision bei Anwendungen wie der Inspektion von Folien, Textilien und Lithium-Ionen-Batterien. Der Sensor unterst\u00fctzt sowohl Schwarzwei\u00df- als auch Farbscans bei hohen Geschwindigkeiten &#8211; bis zu 540 m\/min f\u00fcr Schwarzwei\u00df und 486 m\/min f\u00fcr Farbe &#8211; und bietet eine robuste Bilderfassung und flexible Beleuchtungskonfigurationen (Wei\u00df, R, G, B). Seine GenICam-Konformit\u00e4t gew\u00e4hrleistet eine problemlose Integration in Bildverarbeitungssysteme. Die CIS CoaXPress ist ideal f\u00fcr Umgebungen, in denen Bildqualit\u00e4t, Geschwindigkeit und Datendurchsatz entscheidend sind. Seine Kompatibilit\u00e4t mit moderner Bildverarbeitungsinfrastruktur und seine konfigurierbaren Scaneinstellungen machen ihn zu einer ausgezeichneten Wahl f\u00fcr fortschrittliche Qualit\u00e4tssicherungs- und Inline-Inspektionssysteme.      <\/p>\n","protected":false},"excerpt":{"rendered":"<p>Hochgeschwindigkeits-CoaXPress-Zeilensensor f\u00fcr ultrapr\u00e4zise industrielle Bildgebungsanwendungen.<\/p>\n","protected":false},"featured_media":0,"template":"","meta":{"_acf_changed":false,"inline_featured_image":false},"product_brand":[],"product_cat":[6155,61],"product_tag":[],"class_list":{"0":"post-13639","1":"product","2":"type-product","3":"status-publish","5":"product_cat-kontakt-bildsensoren","6":"product_cat-sensoren","8":"first","9":"instock","10":"product-type-simple"},"acf":[],"_links":{"self":[{"href":"https:\/\/framos.com\/de\/wp-json\/wp\/v2\/product\/13639","targetHints":{"allow":["GET"]}}],"collection":[{"href":"https:\/\/framos.com\/de\/wp-json\/wp\/v2\/product"}],"about":[{"href":"https:\/\/framos.com\/de\/wp-json\/wp\/v2\/types\/product"}],"wp:attachment":[{"href":"https:\/\/framos.com\/de\/wp-json\/wp\/v2\/media?parent=13639"}],"wp:term":[{"taxonomy":"product_brand","embeddable":true,"href":"https:\/\/framos.com\/de\/wp-json\/wp\/v2\/product_brand?post=13639"},{"taxonomy":"product_cat","embeddable":true,"href":"https:\/\/framos.com\/de\/wp-json\/wp\/v2\/product_cat?post=13639"},{"taxonomy":"product_tag","embeddable":true,"href":"https:\/\/framos.com\/de\/wp-json\/wp\/v2\/product_tag?post=13639"}],"curies":[{"name":"wp","href":"https:\/\/api.w.org\/{rel}","templated":true}]}}