{"id":13610,"date":"2024-08-09T06:34:09","date_gmt":"2024-08-09T06:34:09","guid":{"rendered":"https:\/\/framos.com\/products\/unkategorisiert\/genx320-bare-die-qty500-28687\/"},"modified":"2025-06-04T08:17:45","modified_gmt":"2025-06-04T08:17:45","slug":"genx320-bare-die-qty500-28687","status":"publish","type":"product","link":"https:\/\/framos.com\/de\/produkt\/sensoren\/ereignisgesteuerte-sensoren\/genx320-bare-die-qty500-28687\/","title":{"rendered":"GenX320 Bare Die &#8211; QTY500 Ereignisbasierter Sensor"},"content":{"rendered":"<p>Der GenX320 Bare Die Sensor in einer Menge von 500 St\u00fcck wurde f\u00fcr hochvolumige Anwendungen entwickelt, die eine effiziente, ereignisbasierte Bildverarbeitung erfordern. Mit einer Aufl\u00f6sung von 320\u00c3-320 unterst\u00fctzt dieser Sensor eine niedrige Latenzzeit (120 \u00ce\u00bcs), einen ultraniedrigen Stromverbrauch von bis zu 36 \u00ce\u00bcW und misst 1\/5&#8243; im optischen Format. Seine eingebetteten AFK-, ERC- und STC-Filterfunktionen erm\u00f6glichen anspruchsvolle Bildgebungsaufgaben wie Gestenerkennung, maschinelles Lernen am Rande und den permanenten Betrieb der Kamera. Diese gro\u00dfe Serie eignet sich f\u00fcr umfangreiche Tests oder die Integration in Ger\u00e4te f\u00fcr den Massenmarkt wie AR\/VR-Headsets und Smart Home-Kameras.   <\/p>\n","protected":false},"excerpt":{"rendered":"<p>Ereignisbasierter Sensor f\u00fcr hochvolumige Integration.<\/p>\n","protected":false},"featured_media":6944,"template":"","meta":{"_acf_changed":false,"inline_featured_image":false},"product_brand":[],"product_cat":[5941,61],"product_tag":[],"class_list":{"0":"post-13610","1":"product","2":"type-product","3":"status-publish","4":"has-post-thumbnail","6":"product_cat-ereignisgesteuerte-sensoren","7":"product_cat-sensoren","9":"first","10":"instock","11":"product-type-simple"},"acf":[],"_links":{"self":[{"href":"https:\/\/framos.com\/de\/wp-json\/wp\/v2\/product\/13610","targetHints":{"allow":["GET"]}}],"collection":[{"href":"https:\/\/framos.com\/de\/wp-json\/wp\/v2\/product"}],"about":[{"href":"https:\/\/framos.com\/de\/wp-json\/wp\/v2\/types\/product"}],"wp:featuredmedia":[{"embeddable":true,"href":"https:\/\/framos.com\/de\/wp-json\/wp\/v2\/media\/6944"}],"wp:attachment":[{"href":"https:\/\/framos.com\/de\/wp-json\/wp\/v2\/media?parent=13610"}],"wp:term":[{"taxonomy":"product_brand","embeddable":true,"href":"https:\/\/framos.com\/de\/wp-json\/wp\/v2\/product_brand?post=13610"},{"taxonomy":"product_cat","embeddable":true,"href":"https:\/\/framos.com\/de\/wp-json\/wp\/v2\/product_cat?post=13610"},{"taxonomy":"product_tag","embeddable":true,"href":"https:\/\/framos.com\/de\/wp-json\/wp\/v2\/product_tag?post=13610"}],"curies":[{"name":"wp","href":"https:\/\/api.w.org\/{rel}","templated":true}]}}