{"id":13386,"date":"2023-08-29T15:26:58","date_gmt":"2023-08-29T15:26:58","guid":{"rendered":"https:\/\/framos.com\/products\/unkategorisiert\/dsl198a-650-f2-0-24312\/"},"modified":"2025-06-04T08:12:38","modified_gmt":"2025-06-04T08:12:38","slug":"dsl198a-650-f2-0-24312","status":"publish","type":"product","link":"https:\/\/framos.com\/de\/produkt\/optiken\/objektive\/m12-m10-m8-m6-anschlussobjektiv\/dsl198a-650-f2-0-24312\/","title":{"rendered":"DSL198A-650-F2.0 Superfisheye-Objektiv &#8211; HDR-optimiert mit IR-Cut"},"content":{"rendered":"<p>Das Sunex DSL198A-650-F2.0 Superfisheye-Objektiv wurde f\u00fcr HDR-Aufnahmen entwickelt. Es verf\u00fcgt \u00fcber eine effektive Brennweite (EFL) von 1,03 mm und ein weites Sichtfeld (FOV) von 214 Grad und ist damit ideal f\u00fcr Weitwinkelaufnahmen. Mit einem Bildkreis von 4 mm und einer Blende von F\/2.0 sorgt dieses Objektiv f\u00fcr eine hohe Lichtaufnahme und damit f\u00fcr eine verbesserte Klarheit und Detailgenauigkeit bei verschiedenen Lichtverh\u00e4ltnissen. Das Objektiv verf\u00fcgt au\u00dferdem \u00fcber einen IR-Sperrfilter bei 650 nm, der das Objektiv f\u00fcr den Einsatz bei Tageslicht optimiert, indem er das Infrarotlicht blockiert und so die Farbgenauigkeit verbessert. Der Aluminiumtubus mit M12x0,5-Gewinde sorgt f\u00fcr Kompatibilit\u00e4t mit verschiedenen Sensorsystemen und Haltbarkeit in industriellen Umgebungen. Dieses Fisheye-Objektiv ist f\u00fcr Sensoren bis zu 1\/4 Zoll geeignet und damit ideal f\u00fcr Anwendungen in den Bereichen Machine Vision, \u00dcberwachung und Robotik, die einen hohen Dynamikbereich (HDR) erfordern.    <\/p>\n","protected":false},"excerpt":{"rendered":"<p>Superfisheye-Objektiv mit HDR-F\u00e4higkeit, optimiert f\u00fcr 1\/4&#8243;-Sensoren mit IR-Sperre f\u00fcr Aufnahmen bei Tageslicht.<\/p>\n","protected":false},"featured_media":0,"template":"","meta":{"_acf_changed":false,"inline_featured_image":false},"product_brand":[],"product_cat":[6110,6107,96],"product_tag":[],"class_list":{"0":"post-13386","1":"product","2":"type-product","3":"status-publish","5":"product_cat-m12-m10-m8-m6-anschlussobjektiv","6":"product_cat-objektive","7":"product_cat-optiken","9":"first","10":"instock","11":"product-type-simple"},"acf":[],"_links":{"self":[{"href":"https:\/\/framos.com\/de\/wp-json\/wp\/v2\/product\/13386","targetHints":{"allow":["GET"]}}],"collection":[{"href":"https:\/\/framos.com\/de\/wp-json\/wp\/v2\/product"}],"about":[{"href":"https:\/\/framos.com\/de\/wp-json\/wp\/v2\/types\/product"}],"wp:attachment":[{"href":"https:\/\/framos.com\/de\/wp-json\/wp\/v2\/media?parent=13386"}],"wp:term":[{"taxonomy":"product_brand","embeddable":true,"href":"https:\/\/framos.com\/de\/wp-json\/wp\/v2\/product_brand?post=13386"},{"taxonomy":"product_cat","embeddable":true,"href":"https:\/\/framos.com\/de\/wp-json\/wp\/v2\/product_cat?post=13386"},{"taxonomy":"product_tag","embeddable":true,"href":"https:\/\/framos.com\/de\/wp-json\/wp\/v2\/product_tag?post=13386"}],"curies":[{"name":"wp","href":"https:\/\/api.w.org\/{rel}","templated":true}]}}