{"id":13266,"date":"2023-03-07T13:29:43","date_gmt":"2023-03-07T13:29:43","guid":{"rendered":"https:\/\/framos.com\/products\/unkategorisiert\/flp-hm-016-00-v-00-26991\/"},"modified":"2025-06-04T08:09:03","modified_gmt":"2025-06-04T08:09:03","slug":"flp-hm-016-00-v-00-26991","status":"publish","type":"product","link":"https:\/\/framos.com\/de\/produkt\/optiken\/objektive\/m12-m10-m8-m6-anschlussobjektiv\/flp-hm-016-00-v-00-26991\/","title":{"rendered":"Zuverl\u00e4ssiges Objektiv f\u00fcr Bildgebungsanwendungen &#8211; 1,55 mm F2,6 M12 1 MP flp-hm-016-00-v-00"},"content":{"rendered":"<p>Das FLP-HM-016-00-V-00 ist ein 1 MP Festbrennweiten-Objektiv mit M12-Anschluss, das eine Brennweite von 1,55 mm und eine Blende von F2,6 bietet. Es ist f\u00fcr die Verwendung mit Sensoren mit einer Bilddiagonale von bis zu 4,6 mm optimiert und bietet eine zuverl\u00e4ssige Leistung sowohl in Consumer- als auch in industriellen Bildgebungssystemen. Das Objektiv kann mit verschiedenen Filteroptionen oder Blenden angepasst werden und bietet so Flexibilit\u00e4t f\u00fcr spezifische Anwendungen. FRAMOS bietet Unterst\u00fctzung bei der kundenspezifischen Anpassung, einschlie\u00dflich 2D\/3D-Zeichnungen, um die genauen Spezifikationen Ihres Projekts zu erf\u00fcllen.   <\/p>\n","protected":false},"excerpt":{"rendered":"<p>Dieses M12-Mount-Objektiv bietet eine Aufl\u00f6sung von 1 MP bei einer Brennweite von 1,55 mm und einer Blende von F2,6, geeignet f\u00fcr Sensoren mit einer Bilddiagonale von bis zu 4,6 mm.<\/p>\n","protected":false},"featured_media":0,"template":"","meta":{"_acf_changed":false,"inline_featured_image":false},"product_brand":[],"product_cat":[6110,6107,96],"product_tag":[],"class_list":{"0":"post-13266","1":"product","2":"type-product","3":"status-publish","5":"product_cat-m12-m10-m8-m6-anschlussobjektiv","6":"product_cat-objektive","7":"product_cat-optiken","9":"first","10":"instock","11":"product-type-simple"},"acf":[],"_links":{"self":[{"href":"https:\/\/framos.com\/de\/wp-json\/wp\/v2\/product\/13266","targetHints":{"allow":["GET"]}}],"collection":[{"href":"https:\/\/framos.com\/de\/wp-json\/wp\/v2\/product"}],"about":[{"href":"https:\/\/framos.com\/de\/wp-json\/wp\/v2\/types\/product"}],"wp:attachment":[{"href":"https:\/\/framos.com\/de\/wp-json\/wp\/v2\/media?parent=13266"}],"wp:term":[{"taxonomy":"product_brand","embeddable":true,"href":"https:\/\/framos.com\/de\/wp-json\/wp\/v2\/product_brand?post=13266"},{"taxonomy":"product_cat","embeddable":true,"href":"https:\/\/framos.com\/de\/wp-json\/wp\/v2\/product_cat?post=13266"},{"taxonomy":"product_tag","embeddable":true,"href":"https:\/\/framos.com\/de\/wp-json\/wp\/v2\/product_tag?post=13266"}],"curies":[{"name":"wp","href":"https:\/\/api.w.org\/{rel}","templated":true}]}}