{"id":13154,"date":"2019-08-09T07:00:00","date_gmt":"2019-08-09T07:00:00","guid":{"rendered":"https:\/\/framos.com\/products\/unkategorisiert\/imx335lqn-d-22792\/"},"modified":"2025-06-04T07:57:51","modified_gmt":"2025-06-04T07:57:51","slug":"imx335lqn-d-22792","status":"publish","type":"product","link":"https:\/\/framos.com\/de\/produkt\/sensoren\/flaechensensoren\/imx335lqn-d-22792\/","title":{"rendered":"Sony Starvis IMX335 &#8211; Leistungsstarker 5,14 MP CMOS-Sensor"},"content":{"rendered":"<p>Der Sony Starvis IMX335LQN-D ist ein hochempfindlicher CMOS-Bildsensor, der f\u00fcr \u00dcberwachungs-, FA- (Factory Automation) und Industriekamera-Anwendungen entwickelt wurde. Er verf\u00fcgt \u00fcber ein optisches Format von 6,52 mm Diagonale (Typ 1\/2,8) und eine quadratische Pixelmatrix mit 5,14 Millionen effektiven Pixeln. Dieser Sensor arbeitet mit einer dreifachen Spannungsversorgung (analog 2,9 V, digital 1,2 V und Schnittstelle 1,8 V), was einen niedrigen Stromverbrauch gew\u00e4hrleistet. Der IMX335LQN-D nutzt die ExmorR-Technologie von Sony, die eine hohe Empfindlichkeit, einen geringen Dunkelstrom und keine Verwischung auch bei schlechten Lichtverh\u00e4ltnissen gew\u00e4hrleistet. Sie ist mit einem elektronischen Verschluss ausgestattet, der eine variable Ladeintegrationszeit bietet und so eine pr\u00e4zise Bildaufnahme gew\u00e4hrleistet. Mit einer Aufl\u00f6sung von 2616 x 1964 Pixeln und einer Bildrate von 60 fps bietet dieser Sensor Hochgeschwindigkeitsleistung und hervorragende Bildqualit\u00e4t. Die Verwendung von R-, G- und B-Prim\u00e4rfarbmosaikfiltern erm\u00f6glicht eine pr\u00e4zise Farbwiedergabe. Der Sensor ist in einem kompakten BGA-Geh\u00e4use mit 88 Pins untergebracht, wodurch er sich f\u00fcr die Integration in verschiedene Bildgebungssysteme in Industrie- und \u00dcberwachungsumgebungen eignet.       <\/p>\n","protected":false},"excerpt":{"rendered":"<p>Der IMX335LQN-D ist ein hochempfindlicher 5,14 MP CMOS-Sensor, der f\u00fcr \u00dcberwachungs-, FA- und industrielle Bildgebungsanwendungen entwickelt wurde.<\/p>\n","protected":false},"featured_media":3655,"template":"","meta":{"_acf_changed":false,"inline_featured_image":false},"product_brand":[],"product_cat":[4278,61],"product_tag":[],"class_list":{"0":"post-13154","1":"product","2":"type-product","3":"status-publish","4":"has-post-thumbnail","6":"product_cat-flaechensensoren","7":"product_cat-sensoren","9":"first","10":"instock","11":"product-type-simple"},"acf":[],"_links":{"self":[{"href":"https:\/\/framos.com\/de\/wp-json\/wp\/v2\/product\/13154","targetHints":{"allow":["GET"]}}],"collection":[{"href":"https:\/\/framos.com\/de\/wp-json\/wp\/v2\/product"}],"about":[{"href":"https:\/\/framos.com\/de\/wp-json\/wp\/v2\/types\/product"}],"wp:featuredmedia":[{"embeddable":true,"href":"https:\/\/framos.com\/de\/wp-json\/wp\/v2\/media\/3655"}],"wp:attachment":[{"href":"https:\/\/framos.com\/de\/wp-json\/wp\/v2\/media?parent=13154"}],"wp:term":[{"taxonomy":"product_brand","embeddable":true,"href":"https:\/\/framos.com\/de\/wp-json\/wp\/v2\/product_brand?post=13154"},{"taxonomy":"product_cat","embeddable":true,"href":"https:\/\/framos.com\/de\/wp-json\/wp\/v2\/product_cat?post=13154"},{"taxonomy":"product_tag","embeddable":true,"href":"https:\/\/framos.com\/de\/wp-json\/wp\/v2\/product_tag?post=13154"}],"curies":[{"name":"wp","href":"https:\/\/api.w.org\/{rel}","templated":true}]}}