{"id":13118,"date":"2020-12-22T07:00:00","date_gmt":"2020-12-22T07:00:00","guid":{"rendered":"https:\/\/framos.com\/products\/unkategorisiert\/fsm-imx464c-01c-v1a-25054\/"},"modified":"2025-08-01T08:35:23","modified_gmt":"2025-08-01T08:35:23","slug":"fsm-imx464c-01c-v1a-25054","status":"publish","type":"product","link":"https:\/\/framos.com\/de\/produkt\/module\/framos-sensor-module\/fsm-imx464c-01c-v1a-25054\/","title":{"rendered":"FSM-IMX464C-01C-V1A &#8211; 4,2 MP Farbsensormodul mit M12-Anschluss"},"content":{"rendered":"<p>Das <strong>FSM-IMX464C-01C-V1A<\/strong> ist ein leistungsstarkes Farbsensormodul mit dem Sony IMX464 4,2 MP CMOS-Sensor, der in ein kompaktes 26,5 mm x 26,5 mm gro\u00dfes Modul mit M12-Anschluss (CMT821B) integriert ist. Diese Konfiguration erm\u00f6glicht eine einfache Integration mit einer Vielzahl von M12-Objektiven und bietet Flexibilit\u00e4t f\u00fcr unterschiedliche Anforderungen an das Sichtfeld. Mit einer nativen Aufl\u00f6sung von 2712 x 1538 Pixeln und einer Pixelgr\u00f6\u00dfe von 2,9 x 2,9 \u00b5m liefert es eine hervorragende Bildqualit\u00e4t, die sich f\u00fcr Embedded Vision-Anwendungen eignet.  <\/p>\n<p>Das Modul unterst\u00fctzt eine MIPI CSI-2-Schnittstelle mit bis zu 4 Datenkan\u00e4len, die eine Hochgeschwindigkeitsdaten\u00fcbertragung mit Bildraten von bis zu 90 fps erm\u00f6glicht. Als Teil des FRAMOS Sensormodul-\u00d6kosystems erm\u00f6glicht es die flexible Integration mit verschiedenen Verarbeitungsplattformen \u00fcber FRAMOS Sensoradapter (FSA) und Prozessoradapter (FPA). Das standardisierte Software Pack enth\u00e4lt Referenztreiber f\u00fcr Plattformen wie NVIDIA\u00ae Jetson\u2122 TX2, Jetson\u2122 AGX Xavier\u2122 und Jetson\u2122 AGX Orin\u2122, was die Entwicklung vereinfacht.  <\/p>\n<p>Alle Komponenten, die Sie f\u00fcr die Aufnahme von Bildern ben\u00f6tigen, sind sofort verf\u00fcgbar und k\u00f6nnen sofort getestet werden. FRAMOS empfiehlt den Kauf des FSM und des plattformspezifischen Entwicklungskits (Devkit) f\u00fcr eine optimale Leistung. Erfahren Sie mehr \u00fcber unser <a href=\"https:\/\/www.staging.framos.com\/en\/embedded-vision\/framos-sensor-modules\/\" target=\"_blank\" rel=\"noopener\">Embedded Image Sensor Ecosystem<\/a>.  <\/p>\n","protected":false},"excerpt":{"rendered":"<p>4,2 MP-Farbsensormodul mit Sony IMX464 CMOS-Sensor und M12-Anschluss, ideal f\u00fcr hochwertige Aufnahmen mit flexibler Objektivauswahl.<\/p>\n","protected":false},"featured_media":4633,"template":"","meta":{"_acf_changed":false,"inline_featured_image":false},"product_brand":[],"product_cat":[6118,101],"product_tag":[],"class_list":{"0":"post-13118","1":"product","2":"type-product","3":"status-publish","4":"has-post-thumbnail","6":"product_cat-framos-sensor-module","7":"product_cat-module","9":"first","10":"instock","11":"product-type-simple"},"acf":[],"_links":{"self":[{"href":"https:\/\/framos.com\/de\/wp-json\/wp\/v2\/product\/13118","targetHints":{"allow":["GET"]}}],"collection":[{"href":"https:\/\/framos.com\/de\/wp-json\/wp\/v2\/product"}],"about":[{"href":"https:\/\/framos.com\/de\/wp-json\/wp\/v2\/types\/product"}],"wp:featuredmedia":[{"embeddable":true,"href":"https:\/\/framos.com\/de\/wp-json\/wp\/v2\/media\/4633"}],"wp:attachment":[{"href":"https:\/\/framos.com\/de\/wp-json\/wp\/v2\/media?parent=13118"}],"wp:term":[{"taxonomy":"product_brand","embeddable":true,"href":"https:\/\/framos.com\/de\/wp-json\/wp\/v2\/product_brand?post=13118"},{"taxonomy":"product_cat","embeddable":true,"href":"https:\/\/framos.com\/de\/wp-json\/wp\/v2\/product_cat?post=13118"},{"taxonomy":"product_tag","embeddable":true,"href":"https:\/\/framos.com\/de\/wp-json\/wp\/v2\/product_tag?post=13118"}],"curies":[{"name":"wp","href":"https:\/\/api.w.org\/{rel}","templated":true}]}}