{"id":13041,"date":"2023-02-08T12:38:07","date_gmt":"2023-02-08T12:38:07","guid":{"rendered":"https:\/\/framos.com\/products\/unkategorisiert\/flp-am-080-00-a-00-22574\/"},"modified":"2025-06-04T08:00:04","modified_gmt":"2025-06-04T08:00:04","slug":"flp-am-080-00-a-00-22574","status":"publish","type":"product","link":"https:\/\/framos.com\/de\/produkt\/optiken\/objektive\/m12-m10-m8-m6-anschlussobjektiv\/flp-am-080-00-a-00-22574\/","title":{"rendered":"Leistungsstarkes Objektiv f\u00fcr Sensoren bis 1\/2 Zoll &#8211; 8 mm F2 M12 5 MP flp-am-080-00-a-00"},"content":{"rendered":"<p>Das FLP-AM-080-00-A-00 ist ein leistungsstarkes M12-Mount-Festbrennweitenobjektiv mit einer Brennweite von 8 mm und einer Blende von F2. Dieses Objektiv wurde f\u00fcr die Kompatibilit\u00e4t mit Sensoren entwickelt, die eine Bilddiagonale von weniger als 8 mm haben, und ist damit ideal f\u00fcr verschiedene Bildgebungsanwendungen. Es ist als Standardprodukt erh\u00e4ltlich, kann aber auch mit verschiedenen Filteroptionen angepasst werden, einschlie\u00dflich der Option f\u00fcr einen IR-Sperrfilter. F\u00fcr detaillierte Spezifikationen und Anpassungsw\u00fcnsche wenden Sie sich bitte an das FRAMOS Support-Team, das Sie mit 2D\/3D-Zeichnungen unterst\u00fctzt.   <\/p>\n","protected":false},"excerpt":{"rendered":"<p>5 MP Festbrennweitenobjektiv mit einer Brennweite von 8 mm und Blende F2. Geeignet f\u00fcr Sensoren bis zu 1\/2 Zoll und bietet verschiedene Filteroptionen f\u00fcr eine verbesserte Abbildung. <\/p>\n","protected":false},"featured_media":5790,"template":"","meta":{"_acf_changed":false,"inline_featured_image":false},"product_brand":[],"product_cat":[6110,6107,96],"product_tag":[],"class_list":{"0":"post-13041","1":"product","2":"type-product","3":"status-publish","4":"has-post-thumbnail","6":"product_cat-m12-m10-m8-m6-anschlussobjektiv","7":"product_cat-objektive","8":"product_cat-optiken","10":"first","11":"instock","12":"product-type-simple"},"acf":[],"_links":{"self":[{"href":"https:\/\/framos.com\/de\/wp-json\/wp\/v2\/product\/13041","targetHints":{"allow":["GET"]}}],"collection":[{"href":"https:\/\/framos.com\/de\/wp-json\/wp\/v2\/product"}],"about":[{"href":"https:\/\/framos.com\/de\/wp-json\/wp\/v2\/types\/product"}],"wp:featuredmedia":[{"embeddable":true,"href":"https:\/\/framos.com\/de\/wp-json\/wp\/v2\/media\/5790"}],"wp:attachment":[{"href":"https:\/\/framos.com\/de\/wp-json\/wp\/v2\/media?parent=13041"}],"wp:term":[{"taxonomy":"product_brand","embeddable":true,"href":"https:\/\/framos.com\/de\/wp-json\/wp\/v2\/product_brand?post=13041"},{"taxonomy":"product_cat","embeddable":true,"href":"https:\/\/framos.com\/de\/wp-json\/wp\/v2\/product_cat?post=13041"},{"taxonomy":"product_tag","embeddable":true,"href":"https:\/\/framos.com\/de\/wp-json\/wp\/v2\/product_tag?post=13041"}],"curies":[{"name":"wp","href":"https:\/\/api.w.org\/{rel}","templated":true}]}}