{"id":13015,"date":"2022-08-10T11:08:19","date_gmt":"2022-08-10T11:08:19","guid":{"rendered":"https:\/\/framos.com\/products\/unkategorisiert\/fsm-imx662c-01s-v1a-26576\/"},"modified":"2025-08-01T08:40:53","modified_gmt":"2025-08-01T08:40:53","slug":"fsm-imx662c-01s-v1a-26576","status":"publish","type":"product","link":"https:\/\/framos.com\/de\/produkt\/module\/framos-sensor-module\/fsm-imx662c-01s-v1a-26576\/","title":{"rendered":"FSM-IMX662C-01S-V1A &#8211; 2,4 MP Farbsensormodul mit M12-Anschluss"},"content":{"rendered":"<p>Das <strong>FSM-IMX662C-01S-V1A<\/strong> ist ein leistungsstarkes Sensormodul mit dem Sony IMX662 2,4 MP CMOS Rolling Shutter Sensor. Es bietet eine native Aufl\u00f6sung von 1965 x 1113 Pixeln mit einer Pixelgr\u00f6\u00dfe von 2,9 x 2,9 \u00b5m und bietet damit eine hervorragende Bildqualit\u00e4t f\u00fcr Anwendungen, die hochaufl\u00f6sende Bilder erfordern. Sein kompakter Formfaktor und sein optisches Format von 1\/2,8 Zoll machen ihn ideal f\u00fcr eingebettete Systeme und Anwendungen mit begrenztem Platzangebot. Das Modul ist mit einem M12-Objektivanschluss (DW LH-15.0) ausgestattet und bietet somit Flexibilit\u00e4t bei der Objektivauswahl.   <\/p>\n<p>Das Modul verf\u00fcgt \u00fcber eine MIPI CSI-2 Schnittstelle mit bis zu 4 Datenkan\u00e4len, die eine schnelle Bildverarbeitung mit Bildraten von bis zu 97,8 fps erm\u00f6glicht. Als Teil des FRAMOS Sensormodul-\u00d6kosystems unterst\u00fctzt es die nahtlose Integration mit verschiedenen Verarbeitungsplattformen unter Verwendung von FRAMOS Sensoradaptern (FSA) und Prozessoradaptern (FPA). Das FSM-IMX662C-01S-V1A wird mit einem standardisierten Software-Pack geliefert, das Referenztreiber f\u00fcr ausgew\u00e4hlte Plattformen wie NVIDIA\u00ae Jetson\u2122 TX2, Jetson\u2122 AGX Xavier\u2122 und Jetson\u2122 AGX Orin\u2122 enth\u00e4lt, so dass es schnell implementiert und evaluiert werden kann.  <\/p>\n<p>Entwickler k\u00f6nnen ganz einfach mit dem Modul arbeiten, da alle erforderlichen Komponenten ab Lager verf\u00fcgbar sind, was den Entwicklungs- und Evaluierungsprozess vereinfacht. FRAMOS empfiehlt, das Sensormodul mit seinem plattformspezifischen Development Kit (Devkit) zu kombinieren, um Leistung und Effizienz zu maximieren. Erfahren Sie mehr \u00fcber unser <a href=\"https:\/\/www.staging.framos.com\/en\/products-solutions\/sensor-module-ecosystem#:~:text=Today%2C%20IMS%20are%20very%20tightly,to%2Dmarket%20and%20optimize%20resources.\" target=\"_blank\" rel=\"noopener\">Embedded Image Sensor Ecosystem<\/a>.  <\/p>\n","protected":false},"excerpt":{"rendered":"<p>2,4 MP-Farbsensormodul mit Sony IMX662 CMOS Rolling Shutter-Sensor und M12-Anschluss f\u00fcr flexible Integration.<\/p>\n","protected":false},"featured_media":12640,"template":"","meta":{"_acf_changed":false,"inline_featured_image":false},"product_brand":[],"product_cat":[6118,101],"product_tag":[],"class_list":{"0":"post-13015","1":"product","2":"type-product","3":"status-publish","4":"has-post-thumbnail","6":"product_cat-framos-sensor-module","7":"product_cat-module","9":"first","10":"instock","11":"product-type-simple"},"acf":[],"_links":{"self":[{"href":"https:\/\/framos.com\/de\/wp-json\/wp\/v2\/product\/13015","targetHints":{"allow":["GET"]}}],"collection":[{"href":"https:\/\/framos.com\/de\/wp-json\/wp\/v2\/product"}],"about":[{"href":"https:\/\/framos.com\/de\/wp-json\/wp\/v2\/types\/product"}],"wp:featuredmedia":[{"embeddable":true,"href":"https:\/\/framos.com\/de\/wp-json\/wp\/v2\/media\/12640"}],"wp:attachment":[{"href":"https:\/\/framos.com\/de\/wp-json\/wp\/v2\/media?parent=13015"}],"wp:term":[{"taxonomy":"product_brand","embeddable":true,"href":"https:\/\/framos.com\/de\/wp-json\/wp\/v2\/product_brand?post=13015"},{"taxonomy":"product_cat","embeddable":true,"href":"https:\/\/framos.com\/de\/wp-json\/wp\/v2\/product_cat?post=13015"},{"taxonomy":"product_tag","embeddable":true,"href":"https:\/\/framos.com\/de\/wp-json\/wp\/v2\/product_tag?post=13015"}],"curies":[{"name":"wp","href":"https:\/\/api.w.org\/{rel}","templated":true}]}}