{"id":13013,"date":"2022-08-10T11:08:20","date_gmt":"2022-08-10T11:08:20","guid":{"rendered":"https:\/\/framos.com\/products\/unkategorisiert\/fsm-imx662c-96b-devkit-dual-v1a-26541\/"},"modified":"2025-08-01T08:40:50","modified_gmt":"2025-08-01T08:40:50","slug":"fsm-imx662c-96b-devkit-dual-v1a-26541","status":"publish","type":"product","link":"https:\/\/framos.com\/de\/produkt\/module\/framos-sensor-module\/fsm-imx662c-96b-devkit-dual-v1a-26541\/","title":{"rendered":"FSM-IMX662C\/96B Devkit-Single-V1A &#8211; 2.4 MP Sensor Modul Devkit f\u00fcr 96board SBCs"},"content":{"rendered":"<p>Das <strong>FSM-IMX662C\/96B Devkit-Single-V1A<\/strong> ist ein umfassendes Entwicklungskit mit dem Sony IMX662 2.4 MP CMOS Rolling Shutter Sensor. Dieses Devkit wurde f\u00fcr die Verwendung mit 96board Consumer Edition SBCs entwickelt und bietet alle notwendigen Komponenten f\u00fcr Entwickler, um schnell Prototypen zu erstellen und Bildgebungsl\u00f6sungen zu evaluieren. Das Modul hat eine native Aufl\u00f6sung von 1965 x 1113 Pixeln und ein optisches Format von 1\/2,8 Zoll, wodurch es sich f\u00fcr hochwertige Bildgebungsanwendungen eignet. Das Kit enth\u00e4lt eine M12-Halterung mit dem Objektiv FPL-10006624 und FPL-300261 f\u00fcr eine flexible Objektivintegration.   <\/p>\n<p>Dieses Sensormodul unterst\u00fctzt eine MIPI CSI-2-Schnittstelle mit bis zu 4 Datenspuren und bietet eine schnelle Bild\u00fcbertragung mit Bildraten von bis zu 97,8 fps. Es ist vollst\u00e4ndig kompatibel mit dem FRAMOS Sensor Module Ecosystem und erm\u00f6glicht eine nahtlose Integration in verschiedene Plattformen \u00fcber FRAMOS Sensor Adapter (FSA) und Prozessor Adapter (FPA). Das Devkit vereinfacht die Entwicklung mit einem standardisierten Software Pack, das Referenztreiber f\u00fcr NVIDIA\u00ae Jetson\u2122 TX2, AGX Xavier\u2122 und AGX Orin\u2122 enth\u00e4lt.  <\/p>\n<p>Das Kit enth\u00e4lt alles, was Sie f\u00fcr die Entwicklung ben\u00f6tigen, und erm\u00f6glicht so einen optimierten Einrichtungsprozess f\u00fcr die Evaluierung und Integration in eingebettete Systeme. Erfahren Sie mehr \u00fcber unser <a href=\"https:\/\/www.staging.framos.com\/en\/embedded-vision\/framos-sensor-modules\/\" target=\"_blank\" rel=\"noopener\">Embedded Image Sensor Ecosystem<\/a>. <\/p>\n","protected":false},"excerpt":{"rendered":"<p>Einzelsensor-Entwicklungskit f\u00fcr 96board Consumer Edition SBCs mit Sony IMX662 2.4 MP Sensormodul.<\/p>\n","protected":false},"featured_media":12640,"template":"","meta":{"_acf_changed":false,"inline_featured_image":false},"product_brand":[],"product_cat":[6118,101],"product_tag":[],"class_list":{"0":"post-13013","1":"product","2":"type-product","3":"status-publish","4":"has-post-thumbnail","6":"product_cat-framos-sensor-module","7":"product_cat-module","9":"first","10":"instock","11":"product-type-simple"},"acf":[],"_links":{"self":[{"href":"https:\/\/framos.com\/de\/wp-json\/wp\/v2\/product\/13013","targetHints":{"allow":["GET"]}}],"collection":[{"href":"https:\/\/framos.com\/de\/wp-json\/wp\/v2\/product"}],"about":[{"href":"https:\/\/framos.com\/de\/wp-json\/wp\/v2\/types\/product"}],"wp:featuredmedia":[{"embeddable":true,"href":"https:\/\/framos.com\/de\/wp-json\/wp\/v2\/media\/12640"}],"wp:attachment":[{"href":"https:\/\/framos.com\/de\/wp-json\/wp\/v2\/media?parent=13013"}],"wp:term":[{"taxonomy":"product_brand","embeddable":true,"href":"https:\/\/framos.com\/de\/wp-json\/wp\/v2\/product_brand?post=13013"},{"taxonomy":"product_cat","embeddable":true,"href":"https:\/\/framos.com\/de\/wp-json\/wp\/v2\/product_cat?post=13013"},{"taxonomy":"product_tag","embeddable":true,"href":"https:\/\/framos.com\/de\/wp-json\/wp\/v2\/product_tag?post=13013"}],"curies":[{"name":"wp","href":"https:\/\/api.w.org\/{rel}","templated":true}]}}