{"id":12995,"date":"2022-08-03T08:06:20","date_gmt":"2022-08-03T08:06:20","guid":{"rendered":"https:\/\/framos.com\/products\/unkategorisiert\/fsm-imx304-sensor-module-26351\/"},"modified":"2025-08-01T08:41:03","modified_gmt":"2025-08-01T08:41:03","slug":"fsm-imx304-sensor-module-26351","status":"publish","type":"product","link":"https:\/\/framos.com\/de\/produkt\/module\/framos-sensor-module\/fsm-imx304-sensor-module-26351\/","title":{"rendered":"FSM-IMX304 Sensormodul &#8211; Hochaufl\u00f6sendes Global Shutter Imaging"},"content":{"rendered":"<p>Das FRAMOS Sensormodul FSM-IMX304 ist eine ideale L\u00f6sung f\u00fcr Anwendungen, die eine hochwertige Bildgebungsleistung in einem kompakten Formfaktor erfordern. Mit einer Gr\u00f6\u00dfe von nur 28 mm x 28 mm bietet dieses Modul Entwicklern und Ingenieuren ein zuverl\u00e4ssiges und vielseitiges Bildverarbeitungswerkzeug, das sowohl in industriellen als auch in eingebetteten Bildverarbeitungsanwendungen eine hervorragende Leistung bietet. <\/p>\n<p>Der in diesem Modul integrierte Sony IMX304-Sensor ist mit einer Global-Shutter-Technologie ausgestattet, die daf\u00fcr sorgt, dass auch sich schnell bewegende Objekte ohne Verzerrung aufgenommen werden. Mit einer Aufl\u00f6sung von 12,4 Megapixeln und einem optischen Format von 1,1 Zoll bietet der Sensor eine hervorragende Bildsch\u00e4rfe und Detailgenauigkeit. Die Pixelgr\u00f6\u00dfe von 3,45 x 3,45 \u00b5m verbessert die F\u00e4higkeit des Sensors, scharfe, klare Bilder bei unterschiedlichen Lichtverh\u00e4ltnissen aufzunehmen, wodurch er sich f\u00fcr eine Vielzahl von Bildgebungsaufgaben wie maschinelles Sehen, Robotik und automatisierte Inspektionssysteme eignet.  <\/p>\n<p>Das FSM-Modul verf\u00fcgt \u00fcber eine LVDS-Schnittstelle mit bis zu 8 Datenkan\u00e4len, die eine Hochgeschwindigkeits-Daten\u00fcbertragung und eine nahtlose Integration mit verschiedenen Verarbeitungsplattformen erm\u00f6glicht. Das Modul ist Teil des FRAMOS Sensormodul-\u00d6kosystems, eines hochentwickelten Frameworks, das flexible Konnektivit\u00e4tsoptionen bietet und so die Integration mit verschiedenen Plattformen und Adaptern erleichtert. Die FRAMOS Sensoradapter (FSA) bieten eine standardisierte Schnittstelle, die mit einer Reihe von FRAMOS Prozessoradaptern (FPA) verbunden werden kann und die Kompatibilit\u00e4t mit zahlreichen propriet\u00e4ren Verarbeitungsplattformen erm\u00f6glicht.  <\/p>\n<p>F\u00fcr Kunden, die ma\u00dfgeschneiderte Imaging-L\u00f6sungen entwickeln m\u00f6chten, erleichtert dieses \u00d6kosystem die Anpassung und Integration, indem es ein standardisiertes Softwarepaket anbietet. Dieses Paket enth\u00e4lt Referenztreiber f\u00fcr ausgew\u00e4hlte Plattformen, die einen nahtlosen Betrieb gew\u00e4hrleisten und die Entwicklungszeit verk\u00fcrzen. Das Software Pack ist f\u00fcr Plattformen wie NVIDIA\u00ae Jetson\u2122 TX2, Jetson\u2122 AGX Xavier\u2122 und Jetson\u2122 AGX Orin\u2122 Development Boards optimiert und damit ideal f\u00fcr Entwickler, die an KI, Edge Computing und anderen Hochleistungsanwendungen arbeiten. Die Referenztreiber und Support-Pakete vereinfachen den Entwicklungsprozess und erm\u00f6glichen es den Kunden, sich auf ihre spezifischen Anwendungsf\u00e4lle zu konzentrieren, anstatt wertvolle Zeit mit der Systemkompatibilit\u00e4t zu verbringen.   <\/p>\n<p>Einer der gr\u00f6\u00dften Vorteile des FSM ist seine Standardverf\u00fcgbarkeit, die eine einfache Evaluierung und Implementierung erm\u00f6glicht. Alles, was f\u00fcr den Einsatz des Moduls ben\u00f6tigt wird, kann ohne weiteres erworben werden, was eine schnelle Evaluierung und Proof-of-Concept-Entwicklung erm\u00f6glicht. F\u00fcr eine optimale Evaluierung empfiehlt FRAMOS, den FSM mit dem plattformspezifischen Development Kit (Devkit) zu kombinieren. Das Devkit enth\u00e4lt alle notwendigen Komponenten, um einen reibungslosen Integrationsprozess zu erm\u00f6glichen und die Markteinf\u00fchrung zu beschleunigen.   <\/p>\n<p>Das FSM ist nicht einfach nur ein Sensormodul, sondern Teil eines kompletten \u00d6kosystems, das die vielf\u00e4ltigen Anforderungen von Entwicklern von Bildverarbeitungssystemen erf\u00fcllt. Ganz gleich, ob Sie an fortschrittlichen KI-basierten Bildgebungssystemen arbeiten, industrielle Bildverarbeitungsanwendungen entwickeln oder neue M\u00f6glichkeiten f\u00fcr autonome Maschinen erforschen, das FRAMOS Sensormodul mit dem Sony IMX304 Sensor bietet die Flexibilit\u00e4t, Leistung und Unterst\u00fctzung, die Sie f\u00fcr Ihren Erfolg ben\u00f6tigen. <\/p>\n<p>Um mehr \u00fcber das Embedded Image Sensor Ecosystem zu erfahren und die vielf\u00e4ltigen Entwicklungsm\u00f6glichkeiten zu erkunden, besuchen Sie die FRAMOS Website oder greifen Sie auf die FRAMOS Wissensdatenbank zu, um weitere Unterst\u00fctzung zu erhalten.<\/p>\n<ul>\n<li><a href=\"https:\/\/www.staging.framos.com\/en\/embedded-vision\/framos-sensor-modules\/\">Erfahren Sie mehr \u00fcber das Embedded Image Sensor Ecosystem<\/a><\/li>\n<li><a href=\"https:\/\/support.staging.framos.com\/en\/support\/solutions\/48000450070\" target=\"_blank\" rel=\"noopener\"><img decoding=\"async\" src=\"https:\/\/framos.com\/wp-content\/uploads\/2024\/11\/Ecosystem_Knowledge_Base_Banner.png\" alt=\"\u00d6kosystem Wissensdatenbank Banner\"><\/a><\/li>\n<\/ul>\n","protected":false},"excerpt":{"rendered":"<p>Hochaufl\u00f6sendes Sensormodul mit Sony IMX304 12,4 MP Global Shutter CMOS-Sensor, ideal f\u00fcr detailreiche Bildanwendungen.<\/p>\n","protected":false},"featured_media":12640,"template":"","meta":{"_acf_changed":false,"inline_featured_image":false},"product_brand":[],"product_cat":[6118,101],"product_tag":[],"class_list":{"0":"post-12995","1":"product","2":"type-product","3":"status-publish","4":"has-post-thumbnail","6":"product_cat-framos-sensor-module","7":"product_cat-module","9":"first","10":"instock","11":"product-type-simple"},"acf":[],"_links":{"self":[{"href":"https:\/\/framos.com\/de\/wp-json\/wp\/v2\/product\/12995","targetHints":{"allow":["GET"]}}],"collection":[{"href":"https:\/\/framos.com\/de\/wp-json\/wp\/v2\/product"}],"about":[{"href":"https:\/\/framos.com\/de\/wp-json\/wp\/v2\/types\/product"}],"wp:featuredmedia":[{"embeddable":true,"href":"https:\/\/framos.com\/de\/wp-json\/wp\/v2\/media\/12640"}],"wp:attachment":[{"href":"https:\/\/framos.com\/de\/wp-json\/wp\/v2\/media?parent=12995"}],"wp:term":[{"taxonomy":"product_brand","embeddable":true,"href":"https:\/\/framos.com\/de\/wp-json\/wp\/v2\/product_brand?post=12995"},{"taxonomy":"product_cat","embeddable":true,"href":"https:\/\/framos.com\/de\/wp-json\/wp\/v2\/product_cat?post=12995"},{"taxonomy":"product_tag","embeddable":true,"href":"https:\/\/framos.com\/de\/wp-json\/wp\/v2\/product_tag?post=12995"}],"curies":[{"name":"wp","href":"https:\/\/api.w.org\/{rel}","templated":true}]}}