{"id":12936,"date":"2022-05-24T09:33:09","date_gmt":"2022-05-24T09:33:09","guid":{"rendered":"https:\/\/framos.com\/products\/unkategorisiert\/sony-imx492lqj-evb-kit-slvs-ec-c-mount-24456\/"},"modified":"2025-06-04T08:02:21","modified_gmt":"2025-06-04T08:02:21","slug":"sony-imx492lqj-evb-kit-slvs-ec-c-mount-24456","status":"publish","type":"product","link":"https:\/\/framos.com\/de\/produkt\/sensoren\/sensor-evaluation-boards-de\/sony-imx492lqj-evb-kit-slvs-ec-c-mount-24456\/","title":{"rendered":"Sony IMX492 EVB-Kit SLVS-EC C-Mount &#8211; 47,08 MP RGB Sensor Evaluation Kit"},"content":{"rendered":"<p>Das Sony IMX492LQJ EVB-Kit SLVS-EC C-Mount bietet eine vollst\u00e4ndige Plattform zur Beurteilung des 47,08 MP RGB CMOS-Bildsensors mit SLVS-EC-Schnittstelle. Dieses Kit enth\u00e4lt eine Sensortreiberplatine, eine Schnittstellenkarte und einen C-Mount-Objektivmechanismus (Objektiv nicht im Lieferumfang enthalten) und bietet damit eine vielseitige Einrichtung f\u00fcr hochaufl\u00f6sende Bildgebungsaufgaben. Die SLVS-EC-Schnittstelle sorgt f\u00fcr eine schnelle Daten\u00fcbertragung, ideal f\u00fcr Anwendungen, die eine pr\u00e4zise Bildaufnahme erfordern. Eine CD mit Software und Dokumentation f\u00fcr eine schnelle und effiziente Einrichtung wird ebenfalls mitgeliefert.   <\/p>\n","protected":false},"excerpt":{"rendered":"<p>Das Sony IMX492LQJ EVB-Kit SLVS-EC C-Mount erm\u00f6glicht eine effiziente Auswertung des 47,08 MP RGB-Sensors mit SLVS-EC.<\/p>\n","protected":false},"featured_media":5066,"template":"","meta":{"_acf_changed":false,"inline_featured_image":false},"product_brand":[],"product_cat":[4277,61],"product_tag":[],"class_list":{"0":"post-12936","1":"product","2":"type-product","3":"status-publish","4":"has-post-thumbnail","6":"product_cat-sensor-evaluation-boards-de","7":"product_cat-sensoren","9":"first","10":"instock","11":"product-type-simple"},"acf":[],"_links":{"self":[{"href":"https:\/\/framos.com\/de\/wp-json\/wp\/v2\/product\/12936","targetHints":{"allow":["GET"]}}],"collection":[{"href":"https:\/\/framos.com\/de\/wp-json\/wp\/v2\/product"}],"about":[{"href":"https:\/\/framos.com\/de\/wp-json\/wp\/v2\/types\/product"}],"wp:featuredmedia":[{"embeddable":true,"href":"https:\/\/framos.com\/de\/wp-json\/wp\/v2\/media\/5066"}],"wp:attachment":[{"href":"https:\/\/framos.com\/de\/wp-json\/wp\/v2\/media?parent=12936"}],"wp:term":[{"taxonomy":"product_brand","embeddable":true,"href":"https:\/\/framos.com\/de\/wp-json\/wp\/v2\/product_brand?post=12936"},{"taxonomy":"product_cat","embeddable":true,"href":"https:\/\/framos.com\/de\/wp-json\/wp\/v2\/product_cat?post=12936"},{"taxonomy":"product_tag","embeddable":true,"href":"https:\/\/framos.com\/de\/wp-json\/wp\/v2\/product_tag?post=12936"}],"curies":[{"name":"wp","href":"https:\/\/api.w.org\/{rel}","templated":true}]}}