{"id":12845,"date":"2022-05-03T12:12:09","date_gmt":"2022-05-03T12:12:09","guid":{"rendered":"https:\/\/framos.com\/products\/unkategorisiert\/fsm-imx415c-xx1-devkit-single-v1c-26134\/"},"modified":"2025-08-01T08:43:06","modified_gmt":"2025-08-01T08:43:06","slug":"fsm-imx415c-xx1-devkit-single-v1c-26134","status":"publish","type":"product","link":"https:\/\/framos.com\/de\/produkt\/module\/framos-sensor-module\/fsm-imx415c-xx1-devkit-single-v1c-26134\/","title":{"rendered":"FSM-IMX415C\/XX1 Devkit Single &#8211; 8.4 MP Color Imaging Kit f\u00fcr Xilinx Entwicklungsplatinen"},"content":{"rendered":"<p>Das <strong>FSM-IMX415C\/XX1 Devkit Single<\/strong> ist ein umfassendes Entwicklungskit f\u00fcr Ingenieure und Entwickler, die an hochwertigen Farbbildanwendungen arbeiten. Dieses Kit enth\u00e4lt das Farbsensormodul FSM-IMX415C und ist f\u00fcr die nahtlose Integration in Xilinx-Plattformen optimiert. Es nutzt die MIPI CSI-2 Datenschnittstelle. Das Kit eignet sich besonders f\u00fcr Projekte, die eine pr\u00e4zise Bildgebung und eine hohe Farbgenauigkeit erfordern, ideal f\u00fcr Anwendungen wie Machine Vision, Robotik und \u00dcberwachung. Durch den Einsatz dieses Entwicklungskits k\u00f6nnen Anwender ihre Bildgebungssysteme effizient prototypisieren und evaluieren und so Zeit und Ressourcen im Entwicklungsprozess sparen.   <\/p>\n<p>Dieses Kit ist speziell f\u00fcr die Verwendung mit Xilinx KCU\/ZCU Development Boards konzipiert und verwendet FMC-Anschl\u00fcsse f\u00fcr eine einfache Hardware-Integration. Das Single-Sensor-Setup bietet alles, was Sie brauchen, um hochaufl\u00f6sende Bilder zu erfassen und auf der Xilinx-Plattform zu verarbeiten. Ganz gleich, ob Sie L\u00f6sungen f\u00fcr autonome Systeme, die medizinische Bildgebung oder die industrielle Automatisierung entwickeln, das FSM-IMX415C\/XX1 Devkit bietet Ihnen die notwendigen Werkzeuge f\u00fcr eine hochwertige Bildaufnahme und -verarbeitung. Die im Kit enthaltene Hardware gew\u00e4hrleistet Kompatibilit\u00e4t und Benutzerfreundlichkeit und macht es zu einer hervorragenden Wahl f\u00fcr schnelle Entwicklung und Tests.   <\/p>\n<p>Das Kit enth\u00e4lt die folgenden Komponenten:<\/p>\n<ul>\n<li>1x FSM-IMX415C-01S-V1A Sensormodul mit M12-Anschluss (FPL-10006624) und FPL-300234 Objektiv<\/li>\n<li>1x FRAMOS Sensor Adapter (FSA-FT11\/A-V1A) f\u00fcr die flexible Anbindung von Sensoren<\/li>\n<li>1x FRAMOS Processor Adapter (FPA-ABC\/XX1-V1A) f\u00fcr eine optimierte Kommunikation mit Xilinx-Boards<\/li>\n<li>1x 150 mm Flexkabel (FMA-FC-150\/60-V1A) f\u00fcr eine robuste und zuverl\u00e4ssige Daten\u00fcbertragung<\/li>\n<li>1x 1\/4-Zoll-Stativadapter (FMA-MNT-TRP1\/4-V1B) zur sicheren Befestigung und einfachen Einstellung w\u00e4hrend des Tests<\/li>\n<\/ul>\n<p>W\u00e4hrend die Hardwarekomponenten sofort einsatzbereit sind, beachten Sie bitte, dass Software und Treiberunterst\u00fctzung nicht im Kit enthalten sind. Um die Leistung des Sensors und der Adapter voll auszusch\u00f6pfen, empfehlen wir Ihnen, die umfangreichen Ressourcen und den Support von FRAMOS f\u00fcr die Softwareentwicklung zu nutzen. Diese Ressourcen k\u00f6nnen Ihnen helfen, Ihre Projektzeit zu verk\u00fcrzen, indem sie wichtige Informationen zur Treibereinrichtung und Sensorprogrammierung liefern. Besuchen Sie unser <a href=\"https:\/\/www.staging.framos.com\/en\/resources\/support\" target=\"_blank\" rel=\"noopener\">Embedded Image Sensor Ecosystem<\/a> f\u00fcr weitere Unterst\u00fctzung, Dokumentation und Tools, die Ihre Entwicklungserfahrung verbessern k\u00f6nnen.   <\/p>\n<p>Mit diesem vielseitigen Devkit k\u00f6nnen Sie im Handumdrehen ma\u00dfgeschneiderte Bildverarbeitungssysteme erstellen, die auf die spezifischen Anforderungen Ihres Projekts zugeschnitten sind, und sicherstellen, dass Sie modernste Bildverarbeitungsfunktionen bereitstellen.<\/p>\n","protected":false},"excerpt":{"rendered":"<p>Einzelsensor-Entwicklungskit mit FSM-IMX415C Farbmodul und Adaptern f\u00fcr Xilinx KCU\/ZCU Development Boards.<\/p>\n","protected":false},"featured_media":12640,"template":"","meta":{"_acf_changed":false,"inline_featured_image":false},"product_brand":[],"product_cat":[6118,101],"product_tag":[],"class_list":{"0":"post-12845","1":"product","2":"type-product","3":"status-publish","4":"has-post-thumbnail","6":"product_cat-framos-sensor-module","7":"product_cat-module","9":"first","10":"instock","11":"product-type-simple"},"acf":[],"_links":{"self":[{"href":"https:\/\/framos.com\/de\/wp-json\/wp\/v2\/product\/12845","targetHints":{"allow":["GET"]}}],"collection":[{"href":"https:\/\/framos.com\/de\/wp-json\/wp\/v2\/product"}],"about":[{"href":"https:\/\/framos.com\/de\/wp-json\/wp\/v2\/types\/product"}],"wp:featuredmedia":[{"embeddable":true,"href":"https:\/\/framos.com\/de\/wp-json\/wp\/v2\/media\/12640"}],"wp:attachment":[{"href":"https:\/\/framos.com\/de\/wp-json\/wp\/v2\/media?parent=12845"}],"wp:term":[{"taxonomy":"product_brand","embeddable":true,"href":"https:\/\/framos.com\/de\/wp-json\/wp\/v2\/product_brand?post=12845"},{"taxonomy":"product_cat","embeddable":true,"href":"https:\/\/framos.com\/de\/wp-json\/wp\/v2\/product_cat?post=12845"},{"taxonomy":"product_tag","embeddable":true,"href":"https:\/\/framos.com\/de\/wp-json\/wp\/v2\/product_tag?post=12845"}],"curies":[{"name":"wp","href":"https:\/\/api.w.org\/{rel}","templated":true}]}}