{"id":12611,"date":"2017-04-26T07:00:00","date_gmt":"2017-04-26T07:00:00","guid":{"rendered":"https:\/\/framos.com\/products\/unkategorisiert\/imx287lqr-c-19225\/"},"modified":"2025-06-04T07:50:37","modified_gmt":"2025-06-04T07:50:37","slug":"imx287lqr-c-19225","status":"publish","type":"product","link":"https:\/\/framos.com\/de\/produkt\/sensoren\/flaechensensoren\/imx287lqr-c-19225\/","title":{"rendered":"Sony Pregius IMX287 &#8211; 0,40 MP Farb-CMOS-Sensor"},"content":{"rendered":"<p>Der <strong>Sony IMX287LQR-C<\/strong> ist ein kompakter CMOS-Bildsensor, der f\u00fcr industrielle Anwendungen entwickelt wurde, die eine schnelle, hochpr\u00e4zise Bildgebung erfordern, wie z.B. <strong>Kameras f\u00fcr die Fabrikautomation (FA)<\/strong>. Mit einem Format <em>von Typ 1\/2,9<\/em> und einer Aufl\u00f6sung von <em>0,40 Megapixeln<\/em> (728 x 544) zeichnet sich der IMX287 durch eine schnelle und zuverl\u00e4ssige Bildqualit\u00e4t aus. Die <strong>Global-Shutter-Technologie<\/strong>, die zur renommierten Pregius-Linie von Sony geh\u00f6rt, sorgt f\u00fcr eine verzerrungsfreie Bildaufnahme, selbst bei sich schnell bewegenden Objekten in industriellen Umgebungen.  <\/p>\n<p>Dieser Sensor ist mit einer branchenf\u00fchrenden <em>Pixelgr\u00f6\u00dfe von 6,9 \u00b5m<\/em> ausgestattet, die die Empfindlichkeit erh\u00f6ht und das Rauschen reduziert, so dass er auch f\u00fcr Umgebungen mit wenig Licht geeignet ist. Die <em>geringe parasit\u00e4re Lichtempfindlichkeit (PLS)<\/em> und der <em>niedrige Dunkelstrom<\/em> tragen weiter dazu bei, dass der IMX287 klare und pr\u00e4zise Bilder erzeugt und so eine hochwertige Leistung unter anspruchsvollen Bedingungen gew\u00e4hrleistet. Der Sensor unterst\u00fctzt eine extrem schnelle Bildrate von <strong>523,5 Bildern pro Sekunde<\/strong> und eignet sich damit perfekt f\u00fcr Hochgeschwindigkeitsanwendungen wie die Qualit\u00e4tskontrolle und die \u00dcberwachung von Produktionslinien.  <\/p>\n<p>Um die Energieeffizienz aufrechtzuerhalten, arbeitet der IMX287 mit einem <em>dreifachen Stromversorgungssystem<\/em> &#8211; analog<em>3,3 V, digital 1,2 V und Schnittstelle 1,8 V &#8211; und h\u00e4lt so<\/em>den Stromverbrauch niedrig, w\u00e4hrend er gleichzeitig eine kontinuierliche Leistung in anspruchsvollen Umgebungen bietet. Der Sensor verf\u00fcgt au\u00dferdem \u00fcber eine <em>variable Lade-Integrationszeit<\/em>, die es dem Benutzer erm\u00f6glicht, die Belichtungszeit auf die jeweiligen Anforderungen abzustimmen. <\/p>\n<ul>\n<li>Aufl\u00f6sung: 0,40 MP (728 x 544 Pixel)<\/li>\n<li>Pixelgr\u00f6\u00dfe: 6,9 \u00b5m x 6,9 \u00b5m<\/li>\n<li>Maximale Bildrate: 523,5 fps<\/li>\n<li>Global Shutter f\u00fcr verzerrungsfreie Aufnahmen<\/li>\n<li>Geringer Stromverbrauch mit dreifacher Stromversorgung<\/li>\n<li>Anwendungen: Fabrikautomation, Hochgeschwindigkeitsaufnahmen, Qualit\u00e4tskontrolle<\/li>\n<\/ul>\n<p>Die <strong>IMX287LQR-C<\/strong> ist in einem <em>138-poligen LGA-Keramikgeh\u00e4use<\/em> untergebracht und verwendet eine LVDS-Schnittstelle zur nahtlosen Integration in industrielle Kamerasysteme. Ihre geringe Gr\u00f6\u00dfe in Kombination mit der schnellen Bildrate und der au\u00dfergew\u00f6hnlichen Bildqualit\u00e4t macht sie zur idealen Wahl f\u00fcr Anwendungen, die Hochgeschwindigkeitsaufnahmen in Echtzeit und Pr\u00e4zision erfordern. Mit der <strong>Pregius Global Shutter Technologie von Sony<\/strong> bietet die IMX287 eine robuste Leistung f\u00fcr eine Vielzahl von anspruchsvollen Aufgaben in der Fabrikautomation, bei denen Geschwindigkeit und Zuverl\u00e4ssigkeit an erster Stelle stehen.  <\/p>\n","protected":false},"excerpt":{"rendered":"<p>Der IMX287LQR-C ist ein schneller 0,40 MP Farb-CMOS-Sensor mit Global Shutter, ideal f\u00fcr FA-Kamera-Anwendungen.<\/p>\n","protected":false},"featured_media":3655,"template":"","meta":{"_acf_changed":false,"inline_featured_image":false},"product_brand":[],"product_cat":[4278,61],"product_tag":[],"class_list":{"0":"post-12611","1":"product","2":"type-product","3":"status-publish","4":"has-post-thumbnail","6":"product_cat-flaechensensoren","7":"product_cat-sensoren","9":"first","10":"instock","11":"product-type-simple"},"acf":[],"_links":{"self":[{"href":"https:\/\/framos.com\/de\/wp-json\/wp\/v2\/product\/12611","targetHints":{"allow":["GET"]}}],"collection":[{"href":"https:\/\/framos.com\/de\/wp-json\/wp\/v2\/product"}],"about":[{"href":"https:\/\/framos.com\/de\/wp-json\/wp\/v2\/types\/product"}],"wp:featuredmedia":[{"embeddable":true,"href":"https:\/\/framos.com\/de\/wp-json\/wp\/v2\/media\/3655"}],"wp:attachment":[{"href":"https:\/\/framos.com\/de\/wp-json\/wp\/v2\/media?parent=12611"}],"wp:term":[{"taxonomy":"product_brand","embeddable":true,"href":"https:\/\/framos.com\/de\/wp-json\/wp\/v2\/product_brand?post=12611"},{"taxonomy":"product_cat","embeddable":true,"href":"https:\/\/framos.com\/de\/wp-json\/wp\/v2\/product_cat?post=12611"},{"taxonomy":"product_tag","embeddable":true,"href":"https:\/\/framos.com\/de\/wp-json\/wp\/v2\/product_tag?post=12611"}],"curies":[{"name":"wp","href":"https:\/\/api.w.org\/{rel}","templated":true}]}}