{"id":12480,"date":"2020-01-28T07:00:00","date_gmt":"2020-01-28T07:00:00","guid":{"rendered":"https:\/\/framos.com\/products\/unkategorisiert\/fsm-imx296c-000-v1a-22867\/"},"modified":"2025-08-01T08:36:43","modified_gmt":"2025-08-01T08:36:43","slug":"fsm-imx296c-000-v1a-22867","status":"publish","type":"product","link":"https:\/\/framos.com\/de\/produkt\/module\/framos-sensor-module\/fsm-imx296c-000-v1a-22867\/","title":{"rendered":"FSM-IMX296C-000-V1A &#8211; Farbsensormodul Kompakt"},"content":{"rendered":"<p>Das <strong>FSM-IMX296C-000-V1A<\/strong> ist ein Farbsensormodul mit dem Sony IMX296 1,6 MP Global Shutter CMOS-Sensor, der in einem kompakten 26,5 mm x 26,5 mm Modul untergebracht ist. Mit einem optischen Format von 1\/2,9 Zoll und einer Pixelgr\u00f6\u00dfe von 3,45 x 3,45 \u00b5m liefert es hochaufl\u00f6sende Farbbilder, die ideal f\u00fcr detaillierte Inspektionen und Analysen sind. Das Modul unterst\u00fctzt eine MIPI CSI-2 Schnittstelle mit bis zu 1 Datenlane, die eine Hochgeschwindigkeitsdaten\u00fcbertragung f\u00fcr anspruchsvolle Bildgebungsanwendungen gew\u00e4hrleistet.  <\/p>\n<p>Als Teil des FRAMOS Sensormodul-\u00d6kosystems bietet dieses Modul durch eine Reihe von Adaptern flexible Kompatibilit\u00e4t mit verschiedenen Verarbeitungsplattformen. Optionale FRAMOS Sensoradapter (FSA) stellen eine Standardschnittstelle zu FRAMOS Prozessoradaptern (FPA) her und erm\u00f6glichen so die nahtlose Integration mit propriet\u00e4ren Plattformen wie NVIDIA\u00ae Jetson\u2122 TX2, Jetson\u2122 AGX Xavier\u2122 und Jetson\u2122 AGX Orin\u2122 Development Boards. <\/p>\n<p>Alles, was Sie brauchen, um mit der Bildaufnahme zu beginnen, ist ab Lager verf\u00fcgbar und erm\u00f6glicht eine sofortige Evaluierung nach Erhalt und Montage. Um optimale Ergebnisse zu erzielen, empfiehlt FRAMOS den Kauf des FSM und des plattformspezifischen Entwicklungskits (Devkit). Erfahren Sie mehr \u00fcber unser <a href=\"https:\/\/www.staging.framos.com\/en\/embedded-vision\/framos-sensor-modules\/\" target=\"_blank\" rel=\"noopener\">Embedded Image Sensor Ecosystem<\/a>.  <\/p>\n","protected":false},"excerpt":{"rendered":"<p>Farbsensormodul mit Sony IMX296 1,6 MP Global Shutter CMOS-Sensor, ideal f\u00fcr Hochgeschwindigkeits-Farbbildanwendungen.<\/p>\n","protected":false},"featured_media":4328,"template":"","meta":{"_acf_changed":false,"inline_featured_image":false},"product_brand":[],"product_cat":[6118,101],"product_tag":[],"class_list":{"0":"post-12480","1":"product","2":"type-product","3":"status-publish","4":"has-post-thumbnail","6":"product_cat-framos-sensor-module","7":"product_cat-module","9":"first","10":"instock","11":"product-type-simple"},"acf":[],"_links":{"self":[{"href":"https:\/\/framos.com\/de\/wp-json\/wp\/v2\/product\/12480","targetHints":{"allow":["GET"]}}],"collection":[{"href":"https:\/\/framos.com\/de\/wp-json\/wp\/v2\/product"}],"about":[{"href":"https:\/\/framos.com\/de\/wp-json\/wp\/v2\/types\/product"}],"wp:featuredmedia":[{"embeddable":true,"href":"https:\/\/framos.com\/de\/wp-json\/wp\/v2\/media\/4328"}],"wp:attachment":[{"href":"https:\/\/framos.com\/de\/wp-json\/wp\/v2\/media?parent=12480"}],"wp:term":[{"taxonomy":"product_brand","embeddable":true,"href":"https:\/\/framos.com\/de\/wp-json\/wp\/v2\/product_brand?post=12480"},{"taxonomy":"product_cat","embeddable":true,"href":"https:\/\/framos.com\/de\/wp-json\/wp\/v2\/product_cat?post=12480"},{"taxonomy":"product_tag","embeddable":true,"href":"https:\/\/framos.com\/de\/wp-json\/wp\/v2\/product_tag?post=12480"}],"curies":[{"name":"wp","href":"https:\/\/api.w.org\/{rel}","templated":true}]}}