{"id":12279,"date":"2017-04-26T07:00:00","date_gmt":"2017-04-26T07:00:00","guid":{"rendered":"https:\/\/framos.com\/products\/unkategorisiert\/imx249lqj-evb-kit-16106\/"},"modified":"2025-06-04T07:47:20","modified_gmt":"2025-06-04T07:47:20","slug":"imx249lqj-evb-kit-16106","status":"publish","type":"product","link":"https:\/\/framos.com\/de\/produkt\/sensoren\/sensor-evaluation-boards-de\/imx249lqj-evb-kit-16106\/","title":{"rendered":"Sony IMX249 EVB-Kit Evaluierungskit f\u00fcr 2,3 MP High-Fidelity RGB-Bilder"},"content":{"rendered":"<p>Das Sony IMX249LQJ Evaluation Board Kit ist darauf zugeschnitten, die Leistung des 2,3 MP RGB CMOS-Bildsensors zu testen. Es enth\u00e4lt eine Sensortreiberplatine, eine Schnittstellenkarte, eine Objektivhalterung (Objektiv nicht enthalten) und eine CD mit Software-Tools. Das Kit ist mit der seriellen sLVDS-Schnittstelle und der C\/CS-Mount-Optik kompatibel und eignet sich daher ideal f\u00fcr Anwendungen, die Farbgenauigkeit und einen hohen Datendurchsatz erfordern, wie z.B. Rundfunk, wissenschaftliche Bildgebung und Inspektionssysteme. Es bietet eine effiziente M\u00f6glichkeit, die Farbbildgebungsf\u00e4higkeiten f\u00fcr High-Fidelity-Anwendungen zu testen.   <\/p>\n","protected":false},"excerpt":{"rendered":"<p>All-in-One-Kit f\u00fcr die Bewertung des 2,3 MP IMX249LQJ RGB-Sensors, das die sLVDS-Schnittstelle und Farbbildbewertungen unterst\u00fctzt.<\/p>\n","protected":false},"featured_media":3652,"template":"","meta":{"_acf_changed":false,"inline_featured_image":false},"product_brand":[],"product_cat":[4277,61],"product_tag":[],"class_list":{"0":"post-12279","1":"product","2":"type-product","3":"status-publish","4":"has-post-thumbnail","6":"product_cat-sensor-evaluation-boards-de","7":"product_cat-sensoren","9":"first","10":"instock","11":"product-type-simple"},"acf":[],"_links":{"self":[{"href":"https:\/\/framos.com\/de\/wp-json\/wp\/v2\/product\/12279","targetHints":{"allow":["GET"]}}],"collection":[{"href":"https:\/\/framos.com\/de\/wp-json\/wp\/v2\/product"}],"about":[{"href":"https:\/\/framos.com\/de\/wp-json\/wp\/v2\/types\/product"}],"wp:featuredmedia":[{"embeddable":true,"href":"https:\/\/framos.com\/de\/wp-json\/wp\/v2\/media\/3652"}],"wp:attachment":[{"href":"https:\/\/framos.com\/de\/wp-json\/wp\/v2\/media?parent=12279"}],"wp:term":[{"taxonomy":"product_brand","embeddable":true,"href":"https:\/\/framos.com\/de\/wp-json\/wp\/v2\/product_brand?post=12279"},{"taxonomy":"product_cat","embeddable":true,"href":"https:\/\/framos.com\/de\/wp-json\/wp\/v2\/product_cat?post=12279"},{"taxonomy":"product_tag","embeddable":true,"href":"https:\/\/framos.com\/de\/wp-json\/wp\/v2\/product_tag?post=12279"}],"curies":[{"name":"wp","href":"https:\/\/api.w.org\/{rel}","templated":true}]}}