{"id":12257,"date":"2017-08-08T07:00:00","date_gmt":"2017-08-08T07:00:00","guid":{"rendered":"https:\/\/framos.com\/products\/unkategorisiert\/imx385lqr-evb-kit-slvds-20373\/"},"modified":"2025-06-04T07:48:57","modified_gmt":"2025-06-04T07:48:57","slug":"imx385lqr-evb-kit-slvds-20373","status":"publish","type":"product","link":"https:\/\/framos.com\/de\/produkt\/sensoren\/sensor-evaluation-boards-de\/imx385lqr-evb-kit-slvds-20373\/","title":{"rendered":"Sony IMX385 EVB-Kit sLVDS"},"content":{"rendered":"<p>Das IMX385LQR EVB-Kit sLVDS ist ein 2,07 MP Evaluierungssystem zum Testen des RGB CMOS-Sensors von Sony. Es bietet eine Komplettl\u00f6sung f\u00fcr die Evaluierung der Sensorleistung, einschlie\u00dflich einer Sensortreiberplatine, einer Schnittstellenkarte und einer Objektivfassung. Das Kit unterst\u00fctzt sLVDS-Schnittstellen und eignet sich damit f\u00fcr Anwendungen, die eine schnelle Daten\u00fcbertragung und pr\u00e4zise Bildgebung erfordern.  <\/p>\n<p>Dieses Kit ist ideal f\u00fcr industrielle und wissenschaftliche Anwendungen und erm\u00f6glicht schnelle Sensortests und -optimierungen f\u00fcr verschiedene Bildgebungsaufgaben.<\/p>\n","protected":false},"excerpt":{"rendered":"<p>Sensor Evaluation Kit von Sony, 2,07 MP: Dieses Kit enth\u00e4lt einen 2,07 Megapixel RGB-Sensor mit einer seriellen sLVDS-Schnittstelle. Die Optik unterst\u00fctzt C- oder CS-Mount. Die enthaltenen Komponenten sind IMX385EVB-DA-F und -C3S-V0F1 zusammen mit dem Sensor.  <\/p>\n","protected":false},"featured_media":3738,"template":"","meta":{"_acf_changed":false,"inline_featured_image":false},"product_brand":[],"product_cat":[4277,61],"product_tag":[],"class_list":{"0":"post-12257","1":"product","2":"type-product","3":"status-publish","4":"has-post-thumbnail","6":"product_cat-sensor-evaluation-boards-de","7":"product_cat-sensoren","9":"first","10":"instock","11":"product-type-simple"},"acf":[],"_links":{"self":[{"href":"https:\/\/framos.com\/de\/wp-json\/wp\/v2\/product\/12257","targetHints":{"allow":["GET"]}}],"collection":[{"href":"https:\/\/framos.com\/de\/wp-json\/wp\/v2\/product"}],"about":[{"href":"https:\/\/framos.com\/de\/wp-json\/wp\/v2\/types\/product"}],"wp:featuredmedia":[{"embeddable":true,"href":"https:\/\/framos.com\/de\/wp-json\/wp\/v2\/media\/3738"}],"wp:attachment":[{"href":"https:\/\/framos.com\/de\/wp-json\/wp\/v2\/media?parent=12257"}],"wp:term":[{"taxonomy":"product_brand","embeddable":true,"href":"https:\/\/framos.com\/de\/wp-json\/wp\/v2\/product_brand?post=12257"},{"taxonomy":"product_cat","embeddable":true,"href":"https:\/\/framos.com\/de\/wp-json\/wp\/v2\/product_cat?post=12257"},{"taxonomy":"product_tag","embeddable":true,"href":"https:\/\/framos.com\/de\/wp-json\/wp\/v2\/product_tag?post=12257"}],"curies":[{"name":"wp","href":"https:\/\/api.w.org\/{rel}","templated":true}]}}