{"id":12211,"date":"2018-10-31T07:00:00","date_gmt":"2018-10-31T07:00:00","guid":{"rendered":"https:\/\/framos.com\/products\/unkategorisiert\/685-342-sm-500-r27-l14-1-22290\/"},"modified":"2025-06-04T07:48:47","modified_gmt":"2025-06-04T07:48:47","slug":"685-342-sm-500-r27-l14-1-22290","status":"publish","type":"product","link":"https:\/\/framos.com\/de\/produkt\/sensoren\/sensor-steckdosen\/685-342-sm-500-r27-l14-1-22290\/","title":{"rendered":"685-342-SM-500-R27-L14-1 Sensorbuchse"},"content":{"rendered":"<p>Der 685-342-SM-500-R27-L14-1 Sensorsockel von Andon ist ein oberfl\u00e4chenmontierbarer Sockel f\u00fcr den IMX211-Sensor von Sony. Der Sockel erm\u00f6glicht den einfachen Austausch und die Aufr\u00fcstung des Sensors in industriellen Bildverarbeitungsanwendungen und gew\u00e4hrleistet so langfristige Flexibilit\u00e4t und Wartungsfreundlichkeit. <\/p>\n<p>Ideal f\u00fcr den Einsatz in rauen Umgebungen, wo eine robuste Sensorintegration erforderlich ist.<\/p>\n","protected":false},"excerpt":{"rendered":"<p>Sensorsockel, Oberfl\u00e4chenmontage von Andon, f\u00fcr Sony Sensoren: Kompatibel mit dem Sony IMX211 Sensor. Entwickelt f\u00fcr die Oberfl\u00e4chenmontage. <\/p>\n","protected":false},"featured_media":0,"template":"","meta":{"_acf_changed":false,"inline_featured_image":false},"product_brand":[],"product_cat":[6104,61],"product_tag":[],"class_list":{"0":"post-12211","1":"product","2":"type-product","3":"status-publish","5":"product_cat-sensor-steckdosen","6":"product_cat-sensoren","8":"first","9":"instock","10":"product-type-simple"},"acf":[],"_links":{"self":[{"href":"https:\/\/framos.com\/de\/wp-json\/wp\/v2\/product\/12211","targetHints":{"allow":["GET"]}}],"collection":[{"href":"https:\/\/framos.com\/de\/wp-json\/wp\/v2\/product"}],"about":[{"href":"https:\/\/framos.com\/de\/wp-json\/wp\/v2\/types\/product"}],"wp:attachment":[{"href":"https:\/\/framos.com\/de\/wp-json\/wp\/v2\/media?parent=12211"}],"wp:term":[{"taxonomy":"product_brand","embeddable":true,"href":"https:\/\/framos.com\/de\/wp-json\/wp\/v2\/product_brand?post=12211"},{"taxonomy":"product_cat","embeddable":true,"href":"https:\/\/framos.com\/de\/wp-json\/wp\/v2\/product_cat?post=12211"},{"taxonomy":"product_tag","embeddable":true,"href":"https:\/\/framos.com\/de\/wp-json\/wp\/v2\/product_tag?post=12211"}],"curies":[{"name":"wp","href":"https:\/\/api.w.org\/{rel}","templated":true}]}}