{"id":12172,"date":"2017-04-26T07:00:00","date_gmt":"2017-04-26T07:00:00","guid":{"rendered":"https:\/\/framos.com\/products\/unkategorisiert\/imx302lqj-c-17515\/"},"modified":"2025-06-04T07:49:35","modified_gmt":"2025-06-04T07:49:35","slug":"imx302lqj-c-17515","status":"publish","type":"product","link":"https:\/\/framos.com\/de\/produkt\/sensoren\/flaechensensoren\/imx302lqj-c-17515\/","title":{"rendered":"Sony Pregius IMX302 CMOS Global Shutter Sensor, 2,35 MP, 1\/1,2 Zoll"},"content":{"rendered":"<p>Der <strong>Sony IMX302LQJ-C<\/strong> ist ein hocheffizienter CMOS-Bildsensor, der f\u00fcr industrielle Anwendungen wie <strong>Kameras f\u00fcr die Fabrikautomation (FA)<\/strong> entwickelt wurde. Mit einem <em>optischen Format von Typ 1\/1,2<\/em> und einer Aufl\u00f6sung von <em>2,35 Megapixeln<\/em> (1936 x 1216) liefert dieser Sensor hochwertige Bilder mit pr\u00e4zisen Details. Ausgestattet mit <strong>der Pregius Global Shutter Technologie von Sony<\/strong> sorgt der IMX302 f\u00fcr eine verzerrungsfreie Bildaufnahme und ist damit ideal f\u00fcr Umgebungen, in denen eine genaue Abbildung sich schnell bewegender Objekte unerl\u00e4sslich ist.  <\/p>\n<p>Der IMX302 zeichnet sich durch seine gro\u00dfe <em>Pixelgr\u00f6\u00dfe von 5,86 \u00b5m<\/em> aus, die f\u00fcr eine hohe Empfindlichkeit sorgt, selbst bei schlechten Lichtverh\u00e4ltnissen. Dieser Sensor verf\u00fcgt \u00fcber einen <em>prim\u00e4ren Farbmosaikfilter (RGB)<\/em>, der die Farbgenauigkeit und die allgemeine Bildqualit\u00e4t verbessert. Die <em>geringe parasit\u00e4re Lichtempfindlichkeit (PLS)<\/em> und der <em>niedrige Dunkelstrom<\/em> des IMX302 tragen zu einem geringeren Bildrauschen bei und sorgen daf\u00fcr, dass die Bilder auch bei schwierigen Lichtverh\u00e4ltnissen klar und scharf bleiben. Der Sensor unterst\u00fctzt eine maximale Bildrate von <strong>64,1 fps<\/strong> und eignet sich damit f\u00fcr Hochgeschwindigkeitsaufnahmen in industriellen Umgebungen.   <\/p>\n<p>Der IMX302 arbeitet effizient mit einem <em>dreifachen Stromversorgungssystem &#8211; analog<\/em><em>3,3V, digital 1,2V und Schnittstelle 1,8V &#8211;<\/em>und erreicht so einen niedrigen Stromverbrauch, der Zuverl\u00e4ssigkeit und Dauerbetrieb in anspruchsvollen Umgebungen gew\u00e4hrleistet. Der Sensor verf\u00fcgt au\u00dferdem \u00fcber eine <em>variable Lade-Integrationszeit<\/em>, die es dem Benutzer erm\u00f6glicht, die Belichtungszeit auf der Grundlage seiner spezifischen Anwendungsanforderungen zu optimieren. <\/p>\n<ul>\n<li>Aufl\u00f6sung: 2,35 MP (1936 x 1216 Pixel)<\/li>\n<li>Pixelgr\u00f6\u00dfe: 5,86 \u00b5m x 5,86 \u00b5m<\/li>\n<li>Maximale Bildrate: 64,1 fps<\/li>\n<li>Global Shutter f\u00fcr verzerrungsfreie Aufnahmen<\/li>\n<li>RGB-Prim\u00e4rfarben-Mosaikfilter f\u00fcr verbesserte Farbgenauigkeit<\/li>\n<li>Anwendungen: Kameras f\u00fcr die Fabrikautomation, industrielle Bildverarbeitung<\/li>\n<\/ul>\n<p>Der <strong>IMX302LQJ-C<\/strong> ist in einem <em>118-poligen LGA-Geh\u00e4use<\/em> untergebracht und verf\u00fcgt \u00fcber eine LVDS-Schnittstelle f\u00fcr die einfache Integration in Kamerasysteme. Mit seiner gro\u00dfen Pixelgr\u00f6\u00dfe, der hohen Bildrate und dem geringen Stromverbrauch ist dieser Sensor eine ausgezeichnete Wahl f\u00fcr Entwickler, die in der Fabrikautomation und der industriellen Inspektion arbeiten. Dank der <strong>Pregius Global Shutter Technologie von Sony<\/strong> gew\u00e4hrleistet der IMX302 eine pr\u00e4zise und zuverl\u00e4ssige Bildgebung f\u00fcr Hochgeschwindigkeitsanwendungen und liefert klare und genaue Bilder in schnelllebigen Umgebungen.  <\/p>\n","protected":false},"excerpt":{"rendered":"<p>Sony Pregius CMOS Global Shutter Exmor Sensor: Mit einer Aufl\u00f6sung von 2,35 Megapixeln und 1936 x 1216 Pixeln hat dieser 1\/1,2 Zoll gro\u00dfe Sensor eine Pixelgr\u00f6\u00dfe von 5,86 x 5,86 \u00b5m. Es handelt sich um einen Farbsensor, der Bilder mit einer Bildrate von 64,1 Bildern pro Sekunde aufnehmen kann. Dieser Sensor verwendet ein LGA-Geh\u00e4use mit 118 Pins und ist mit einem Global Shutter f\u00fcr pr\u00e4zise Videoaufnahmen ausgestattet.  <\/p>\n","protected":false},"featured_media":3655,"template":"","meta":{"_acf_changed":false,"inline_featured_image":false},"product_brand":[],"product_cat":[4278,61],"product_tag":[],"class_list":{"0":"post-12172","1":"product","2":"type-product","3":"status-publish","4":"has-post-thumbnail","6":"product_cat-flaechensensoren","7":"product_cat-sensoren","9":"first","10":"instock","11":"product-type-simple"},"acf":[],"_links":{"self":[{"href":"https:\/\/framos.com\/de\/wp-json\/wp\/v2\/product\/12172","targetHints":{"allow":["GET"]}}],"collection":[{"href":"https:\/\/framos.com\/de\/wp-json\/wp\/v2\/product"}],"about":[{"href":"https:\/\/framos.com\/de\/wp-json\/wp\/v2\/types\/product"}],"wp:featuredmedia":[{"embeddable":true,"href":"https:\/\/framos.com\/de\/wp-json\/wp\/v2\/media\/3655"}],"wp:attachment":[{"href":"https:\/\/framos.com\/de\/wp-json\/wp\/v2\/media?parent=12172"}],"wp:term":[{"taxonomy":"product_brand","embeddable":true,"href":"https:\/\/framos.com\/de\/wp-json\/wp\/v2\/product_brand?post=12172"},{"taxonomy":"product_cat","embeddable":true,"href":"https:\/\/framos.com\/de\/wp-json\/wp\/v2\/product_cat?post=12172"},{"taxonomy":"product_tag","embeddable":true,"href":"https:\/\/framos.com\/de\/wp-json\/wp\/v2\/product_tag?post=12172"}],"curies":[{"name":"wp","href":"https:\/\/api.w.org\/{rel}","templated":true}]}}